{"id":8337,"date":"2022-06-21T07:52:26","date_gmt":"2022-06-21T07:52:26","guid":{"rendered":"https:\/\/demo2wpopal.b-cdn.net\/wi-help\/?page_id=8337"},"modified":"2024-06-18T15:02:35","modified_gmt":"2024-06-18T15:02:35","slug":"reglementation-provinciale-et-federale","status":"publish","type":"page","link":"https:\/\/asgrq.ca\/en\/reglementation-provinciale-et-federale\/","title":{"rendered":"R\u00e8glementation provinciale et f\u00e9d\u00e9rale"},"content":{"rendered":"<div data-elementor-type=\"wp-page\" data-elementor-id=\"8337\" class=\"elementor elementor-8337\">\n\t\t\t\t\t\t<div class=\"elementor-section elementor-top-section elementor-element elementor-element-4a9ce0b elementor-section-full_width elementor-section-stretched elementor-section-height-default elementor-section-height-default\" data-id=\"4a9ce0b\" data-element_type=\"section\" data-e-type=\"section\" data-settings=\"{&quot;stretch_section&quot;:&quot;section-stretched&quot;,&quot;background_background&quot;:&quot;classic&quot;}\">\n\t\t\t\t\t\t\t<div class=\"elementor-background-overlay\"><\/div>\n\t\t\t\t\t\t\t<div class=\"elementor-container elementor-column-gap-no\">\n\t\t\t\t\t<div class=\"elementor-column elementor-col-100 elementor-top-column elementor-element elementor-element-3ce30b9\" data-id=\"3ce30b9\" data-element_type=\"column\" data-e-type=\"column\">\n\t\t\t<div class=\"elementor-widget-wrap elementor-element-populated\">\n\t\t\t\t\t\t<div class=\"elementor-element elementor-element-a9ece84 elementor-widget__width-initial elementor-widget elementor-widget-wihelp_animated-headline\" data-id=\"a9ece84\" data-element_type=\"widget\" data-e-type=\"widget\" data-widget_type=\"wihelp_animated-headline.default\">\n\t\t\t\t<div class=\"elementor-widget-container\">\n\t\t\t\t\t        <h2  class=\"elementor-headline\">\n                    <span class=\"elementor-headline-plain-text elementor-headline-text-wrapper\">R\u00e8glementation provinciale et f\u00e9d\u00e9rale<\/span>\n                <span class=\"elementor-headline-dynamic-wrapper elementor-headline-text-wrapper\">\n        \t\t<\/span>\n                <\/h2>\n        \t\t\t\t<\/div>\n\t\t\t\t<\/div>\n\t\t\t\t\t<\/div>\n\t\t<\/div>\n\t\t\t\t\t<\/div>\n\t\t<\/div>\n\t\t\t\t<div class=\"elementor-section elementor-top-section elementor-element elementor-element-45b8ffc elementor-section-boxed elementor-section-height-default elementor-section-height-default\" data-id=\"45b8ffc\" data-element_type=\"section\" data-e-type=\"section\">\n\t\t\t\t\t\t<div class=\"elementor-container elementor-column-gap-no\">\n\t\t\t\t\t<div class=\"elementor-column elementor-col-50 elementor-top-column elementor-element elementor-element-c7e379d\" data-id=\"c7e379d\" data-element_type=\"column\" data-e-type=\"column\">\n\t\t\t<div class=\"elementor-widget-wrap elementor-element-populated\">\n\t\t\t\t\t\t<div class=\"elementor-element elementor-element-ef249d6 elementor-widget__width-initial elementor-widget elementor-widget-text-editor\" data-id=\"ef249d6\" data-element_type=\"widget\" data-e-type=\"widget\" data-widget_type=\"text-editor.default\">\n\t\t\t\t<div class=\"elementor-widget-container\">\n\t\t\t\t\t\t\t\t\t<p>Pour pratiquer la chasse au Qu\u00e9bec, tout chasseur doit respecter les r\u00e8glementations provinciale et f\u00e9d\u00e9rale applicables et poss\u00e9der les permis requis.<\/p><p>Au niveau provincial, les principales r\u00e8gles sur la chasse sportive peuvent \u00eatre consult\u00e9es sur le site internet du gouvernement du Qu\u00e9bec gr\u00e2ce au bouton ci-dessous.<\/p><p>On y retrouve l\u2019information r\u00e8glementaire n\u00e9cessaire \u00e0 connaitre tel que les r\u00e8gles en vigueur, les p\u00e9riodes o\u00f9 la chasse est permise, les restrictions aff\u00e9rentes ainsi que les cartes des zones de chasse.<\/p>\t\t\t\t\t\t\t\t<\/div>\n\t\t\t\t<\/div>\n\t\t\t\t<div class=\"elementor-element elementor-element-67c305f elementor-widget elementor-widget-button\" data-id=\"67c305f\" data-element_type=\"widget\" data-e-type=\"widget\" data-widget_type=\"button.default\">\n\t\t\t\t<div class=\"elementor-widget-container\">\n\t\t\t\t\t\t\t\t\t<div class=\"elementor-button-wrapper\">\n\t\t\t\t\t<a class=\"elementor-button elementor-button-link elementor-size-sm elementor-animation-grow\" href=\"https:\/\/www.quebec.ca\/tourisme-et-loisirs\/activites-sportives-et-de-plein-air\/chasse-sportive\" target=\"_blank\">\n\t\t\t\t\t\t<span class=\"elementor-button-content-wrapper\">\n\t\t\t\t\t\t\t\t\t<span class=\"elementor-button-text\">Consulter les r\u00e8gles provinciales<\/span>\n\t\t\t\t\t<\/span>\n\t\t\t\t\t<\/a>\n\t\t\t\t<\/div>\n\t\t\t\t\t\t\t\t<\/div>\n\t\t\t\t<\/div>\n\t\t\t\t<div class=\"elementor-element elementor-element-fdf5089 elementor-widget__width-initial elementor-widget elementor-widget-text-editor\" data-id=\"fdf5089\" data-element_type=\"widget\" data-e-type=\"widget\" data-widget_type=\"text-editor.default\">\n\t\t\t\t<div class=\"elementor-widget-container\">\n\t\t\t\t\t\t\t\t\t<p>Au niveau f\u00e9d\u00e9ral, le chasseur doit se r\u00e9f\u00e9rer \u00e0 l\u2019Abr\u00e9g\u00e9 de la r\u00e9glementation sur la chasse aux oiseaux migrateurs. Ce document est mis \u00e0 jour et publi\u00e9 chaque ann\u00e9e par le Service canadien de la faune.<\/p>\t\t\t\t\t\t\t\t<\/div>\n\t\t\t\t<\/div>\n\t\t\t\t<div class=\"elementor-element elementor-element-2b3a84c elementor-widget elementor-widget-button\" data-id=\"2b3a84c\" data-element_type=\"widget\" data-e-type=\"widget\" data-widget_type=\"button.default\">\n\t\t\t\t<div class=\"elementor-widget-container\">\n\t\t\t\t\t\t\t\t\t<div class=\"elementor-button-wrapper\">\n\t\t\t\t\t<a class=\"elementor-button elementor-button-link elementor-size-sm elementor-animation-grow\" href=\"https:\/\/www.canada.ca\/fr\/environnement-changement-climatique\/services\/chasse-oiseaux-migrateurs-gibier\/reglementation-resumes-provinciaux-territoriaux\/quebec.html\" target=\"_blank\">\n\t\t\t\t\t\t<span class=\"elementor-button-content-wrapper\">\n\t\t\t\t\t\t\t\t\t<span class=\"elementor-button-text\">Consulter les r\u00e8gles f\u00e9d\u00e9rales<\/span>\n\t\t\t\t\t<\/span>\n\t\t\t\t\t<\/a>\n\t\t\t\t<\/div>\n\t\t\t\t\t\t\t\t<\/div>\n\t\t\t\t<\/div>\n\t\t\t\t\t<\/div>\n\t\t<\/div>\n\t\t\t\t<div class=\"elementor-column elementor-col-50 elementor-top-column elementor-element elementor-element-4d0a85f\" data-id=\"4d0a85f\" data-element_type=\"column\" data-e-type=\"column\">\n\t\t\t<div class=\"elementor-widget-wrap elementor-element-populated\">\n\t\t\t\t\t\t<div class=\"elementor-element elementor-element-fffaebb elementor-widget elementor-widget-image\" data-id=\"fffaebb\" data-element_type=\"widget\" data-e-type=\"widget\" data-widget_type=\"image.default\">\n\t\t\t\t<div class=\"elementor-widget-container\">\n\t\t\t\t\t\t\t\t\t\t\t\t\t\t\t<img fetchpriority=\"high\" decoding=\"async\" width=\"794\" height=\"518\" src=\"https:\/\/asgrq.ca\/wp-content\/uploads\/2024\/04\/Districts-de-chasse-federaux.png\" class=\"attachment-full size-full wp-image-16361\" alt=\"\" srcset=\"https:\/\/asgrq.ca\/wp-content\/uploads\/2024\/04\/Districts-de-chasse-federaux.png 794w, https:\/\/asgrq.ca\/wp-content\/uploads\/2024\/04\/Districts-de-chasse-federaux-300x196.png 300w, https:\/\/asgrq.ca\/wp-content\/uploads\/2024\/04\/Districts-de-chasse-federaux-768x501.png 768w, https:\/\/asgrq.ca\/wp-content\/uploads\/2024\/04\/Districts-de-chasse-federaux-18x12.png 18w, https:\/\/asgrq.ca\/wp-content\/uploads\/2024\/04\/Districts-de-chasse-federaux-450x294.png 450w\" sizes=\"(max-width: 794px) 100vw, 794px\" \/>\t\t\t\t\t\t\t\t\t\t\t\t\t\t\t<\/div>\n\t\t\t\t<\/div>\n\t\t\t\t\t<\/div>\n\t\t<\/div>\n\t\t\t\t\t<\/div>\n\t\t<\/div>\n\t\t\t\t<div class=\"elementor-section elementor-top-section elementor-element elementor-element-d992763 elementor-section-boxed elementor-section-height-default elementor-section-height-default\" data-id=\"d992763\" data-element_type=\"section\" data-e-type=\"section\">\n\t\t\t\t\t\t<div class=\"elementor-container elementor-column-gap-no\">\n\t\t\t\t\t<div class=\"elementor-column elementor-col-100 elementor-top-column elementor-element elementor-element-cccf275\" data-id=\"cccf275\" data-element_type=\"column\" data-e-type=\"column\">\n\t\t\t<div class=\"elementor-widget-wrap elementor-element-populated\">\n\t\t\t\t\t\t<div class=\"elementor-element elementor-element-8cdb799 elementor-widget elementor-widget-heading\" data-id=\"8cdb799\" data-element_type=\"widget\" data-e-type=\"widget\" data-widget_type=\"heading.default\">\n\t\t\t\t<div class=\"elementor-widget-container\">\n\t\t\t\t\t<h2 class=\"elementor-heading-title elementor-size-default\">Grenaille non toxique<\/h2>\t\t\t\t<\/div>\n\t\t\t\t<\/div>\n\t\t\t\t<div class=\"elementor-element elementor-element-b3d5496 elementor-widget elementor-widget-text-editor\" data-id=\"b3d5496\" data-element_type=\"widget\" data-e-type=\"widget\" data-widget_type=\"text-editor.default\">\n\t\t\t\t<div class=\"elementor-widget-container\">\n\t\t\t\t\t\t\t\t\t<p>Depuis 1996, le Canada a adopt\u00e9 un r\u00e8glement sur la chasse portant sur la grenaille non toxique. Afin d\u2019aider \u00e0 contr\u00f4ler le probl\u00e8me de l\u2019empoisonnement des oiseaux par le plomb, cette r\u00e8glementation stipule qu\u2019il est ill\u00e9gal de\u00a0: poss\u00e9der tout type de grenaille autre que de la grenaille non toxique afin de chasser les oiseaux migrateurs consid\u00e9r\u00e9s comme gibier et chasser un oiseau migrateur consid\u00e9r\u00e9 comme gibier avec tout type de grenaille autre que de la grenaille non toxique.<\/p>\t\t\t\t\t\t\t\t<\/div>\n\t\t\t\t<\/div>\n\t\t\t\t<div class=\"elementor-element elementor-element-1816863 elementor-mobile-align-center elementor-widget elementor-widget-button\" data-id=\"1816863\" data-element_type=\"widget\" data-e-type=\"widget\" data-widget_type=\"button.default\">\n\t\t\t\t<div class=\"elementor-widget-container\">\n\t\t\t\t\t\t\t\t\t<div class=\"elementor-button-wrapper\">\n\t\t\t\t\t<a class=\"elementor-button elementor-button-link elementor-size-sm elementor-animation-grow\" href=\"https:\/\/publications.gc.ca\/site\/fra\/9.892416\/publication.html\" target=\"_blank\">\n\t\t\t\t\t\t<span class=\"elementor-button-content-wrapper\">\n\t\t\t\t\t\t\t\t\t<span class=\"elementor-button-text\">En savoir plus<\/span>\n\t\t\t\t\t<\/span>\n\t\t\t\t\t<\/a>\n\t\t\t\t<\/div>\n\t\t\t\t\t\t\t\t<\/div>\n\t\t\t\t<\/div>\n\t\t\t\t\t<\/div>\n\t\t<\/div>\n\t\t\t\t\t<\/div>\n\t\t<\/div>\n\t\t\t\t<\/div>","protected":false},"excerpt":{"rendered":"<p>R\u00e8glementation provinciale et f\u00e9d\u00e9rale Pour pratiquer la chasse au Qu\u00e9bec, tout chasseur doit respecter les r\u00e8glementations provinciale et f\u00e9d\u00e9rale applicables et poss\u00e9der les permis requis. Au niveau provincial, les principales r\u00e8gles sur la chasse sportive peuvent \u00eatre consult\u00e9es sur le site internet du gouvernement du Qu\u00e9bec gr\u00e2ce au bouton ci-dessous. On y retrouve l\u2019information r\u00e8glementaire [&hellip;]<\/p>\n","protected":false},"author":2,"featured_media":0,"parent":0,"menu_order":0,"comment_status":"closed","ping_status":"closed","template":"","meta":{"pmpro_default_level":"","inline_featured_image":false,"footnotes":""},"class_list":["post-8337","page","type-page","status-publish","hentry","pmpro-has-access"],"_links":{"self":[{"href":"https:\/\/asgrq.ca\/en\/wp-json\/wp\/v2\/pages\/8337","targetHints":{"allow":["GET"]}}],"collection":[{"href":"https:\/\/asgrq.ca\/en\/wp-json\/wp\/v2\/pages"}],"about":[{"href":"https:\/\/asgrq.ca\/en\/wp-json\/wp\/v2\/types\/page"}],"author":[{"embeddable":true,"href":"https:\/\/asgrq.ca\/en\/wp-json\/wp\/v2\/users\/2"}],"replies":[{"embeddable":true,"href":"https:\/\/asgrq.ca\/en\/wp-json\/wp\/v2\/comments?post=8337"}],"version-history":[{"count":215,"href":"https:\/\/asgrq.ca\/en\/wp-json\/wp\/v2\/pages\/8337\/revisions"}],"predecessor-version":[{"id":19327,"href":"https:\/\/asgrq.ca\/en\/wp-json\/wp\/v2\/pages\/8337\/revisions\/19327"}],"wp:attachment":[{"href":"https:\/\/asgrq.ca\/en\/wp-json\/wp\/v2\/media?parent=8337"}],"curies":[{"name":"wp","href":"https:\/\/api.w.org\/{rel}","templated":true}]}}