{"id":7495,"date":"2022-06-20T08:31:25","date_gmt":"2022-06-20T08:31:25","guid":{"rendered":"https:\/\/demo2wpopal.b-cdn.net\/wi-help\/?page_id=7495"},"modified":"2025-01-27T20:05:08","modified_gmt":"2025-01-28T00:05:08","slug":"devenir-membre","status":"publish","type":"page","link":"https:\/\/asgrq.ca\/en\/devenir-membre\/","title":{"rendered":"Devenir membre"},"content":{"rendered":"<div data-elementor-type=\"wp-page\" data-elementor-id=\"7495\" class=\"elementor elementor-7495\">\n\t\t\t\t\t\t<div class=\"elementor-section elementor-top-section elementor-element elementor-element-e1a514b elementor-section-full_width elementor-section-stretched elementor-section-height-default elementor-section-height-default\" data-id=\"e1a514b\" data-element_type=\"section\" data-e-type=\"section\" data-settings=\"{&quot;stretch_section&quot;:&quot;section-stretched&quot;,&quot;background_background&quot;:&quot;classic&quot;}\">\n\t\t\t\t\t\t\t<div class=\"elementor-background-overlay\"><\/div>\n\t\t\t\t\t\t\t<div class=\"elementor-container elementor-column-gap-no\">\n\t\t\t\t\t<div class=\"elementor-column elementor-col-100 elementor-top-column elementor-element elementor-element-7a575aa\" data-id=\"7a575aa\" data-element_type=\"column\" data-e-type=\"column\">\n\t\t\t<div class=\"elementor-widget-wrap elementor-element-populated\">\n\t\t\t\t\t\t<div class=\"elementor-element elementor-element-6e8689e elementor-widget__width-initial elementor-widget elementor-widget-wihelp_animated-headline\" data-id=\"6e8689e\" data-element_type=\"widget\" data-e-type=\"widget\" data-widget_type=\"wihelp_animated-headline.default\">\n\t\t\t\t<div class=\"elementor-widget-container\">\n\t\t\t\t\t        <h2  class=\"elementor-headline\">\n                    <span class=\"elementor-headline-plain-text elementor-headline-text-wrapper\">Devenir Membre<\/span>\n                <span class=\"elementor-headline-dynamic-wrapper elementor-headline-text-wrapper\">\n        \t\t<\/span>\n                <\/h2>\n        \t\t\t\t<\/div>\n\t\t\t\t<\/div>\n\t\t\t\t\t<\/div>\n\t\t<\/div>\n\t\t\t\t\t<\/div>\n\t\t<\/div>\n\t\t\t\t<div class=\"elementor-section elementor-top-section elementor-element elementor-element-a824472 elementor-section-boxed elementor-section-height-default elementor-section-height-default\" data-id=\"a824472\" data-element_type=\"section\" data-e-type=\"section\">\n\t\t\t\t\t\t<div class=\"elementor-container elementor-column-gap-no\">\n\t\t\t\t\t<div class=\"elementor-column elementor-col-100 elementor-top-column elementor-element elementor-element-3b21aee\" data-id=\"3b21aee\" data-element_type=\"column\" data-e-type=\"column\">\n\t\t\t<div class=\"elementor-widget-wrap elementor-element-populated\">\n\t\t\t\t\t\t<div class=\"elementor-element elementor-element-18798dc elementor-widget elementor-widget-text-editor\" data-id=\"18798dc\" data-element_type=\"widget\" data-e-type=\"widget\" data-widget_type=\"text-editor.default\">\n\t\t\t\t<div class=\"elementor-widget-container\">\n\t\t\t\t\t\t\t\t\t<p style=\"font-weight: 400;\">En tant que membre de l\u2019ASGRQ, vous souscrivez \u00e0 la mission de l\u2019organisation et vous contribuez \u00e0 supporter le conseil d\u2019administration dans la protection des droits des chasseurs d\u2019oiseaux migrateurs et de leur habitat et vous acceptez de respecter son code d\u2019\u00e9thique.<\/p><p style=\"font-weight: 400;\">La carte de membre vous permet d\u2019assister aux activit\u00e9s de l\u2019Association ainsi qu\u2019\u00e0 l\u2019assembl\u00e9e g\u00e9n\u00e9rale annuelle (AGA).<\/p><p style=\"font-weight: 400;\">Nous proposons trois (3) types d\u2019adh\u00e9sion selon votre situation\u00a0: adulte, mineur, famille.<\/p><p style=\"font-weight: 400;\">Profitez d\u2019un rabais substantiel pour une adh\u00e9sion multi-annuelle.<\/p>\t\t\t\t\t\t\t\t<\/div>\n\t\t\t\t<\/div>\n\t\t\t\t<div class=\"elementor-element elementor-element-fb34fb0 elementor-widget elementor-widget-heading\" data-id=\"fb34fb0\" data-element_type=\"widget\" data-e-type=\"widget\" data-widget_type=\"heading.default\">\n\t\t\t\t<div class=\"elementor-widget-container\">\n\t\t\t\t\t<h4 class=\"elementor-heading-title elementor-size-default\">\u00c9tape 1<\/h4>\t\t\t\t<\/div>\n\t\t\t\t<\/div>\n\t\t\t\t<div class=\"elementor-element elementor-element-0497fec elementor-widget elementor-widget-text-editor\" data-id=\"0497fec\" data-element_type=\"widget\" data-e-type=\"widget\" data-widget_type=\"text-editor.default\">\n\t\t\t\t<div class=\"elementor-widget-container\">\n\t\t\t\t\t\t\t\t\t<p>Adh\u00e9sion Junior (&lt; 18 ans) : Compl\u00e9tez la fiche d\u2019inscription pour <strong><a href=\"https:\/\/asgrq.ca\/en\/formulaire-adhesion-junior\/\" rel=\"noreferrer noopener\">Junior<\/a><\/strong><\/p><p>Adh\u00e9sion Adulte (&gt; 18 ans) : Compl\u00e9tez la fiche d\u2019inscription pour <a href=\"https:\/\/asgrq.ca\/en\/formulaire-adhesion-adulte\/\"><strong>Adulte<\/strong><\/a><\/p><p>Adh\u00e9sion Famille (2 et +) : Compl\u00e9tez la fiche d\u2019inscription pour <strong><a href=\"https:\/\/asgrq.ca\/en\/formulaire-adhesion-famille\/\" rel=\"noreferrer noopener\">Famille<\/a><\/strong><\/p>\t\t\t\t\t\t\t\t<\/div>\n\t\t\t\t<\/div>\n\t\t\t\t\t<\/div>\n\t\t<\/div>\n\t\t\t\t\t<\/div>\n\t\t<\/div>\n\t\t<div class=\"elementor-element elementor-element-affc389 e-flex e-con-boxed e-con e-parent\" data-id=\"affc389\" data-element_type=\"container\" data-e-type=\"container\">\n\t\t\t\t\t<div class=\"e-con-inner\">\n\t\t\t\t\t<\/div>\n\t\t\t\t<\/div>\n\t\t\t\t<\/div>","protected":false},"excerpt":{"rendered":"<p>Devenir Membre En tant que membre de l\u2019ASGRQ, vous souscrivez \u00e0 la mission de l\u2019organisation et vous contribuez \u00e0 supporter le conseil d\u2019administration dans la protection des droits des chasseurs d\u2019oiseaux migrateurs et de leur habitat et vous acceptez de respecter son code d\u2019\u00e9thique. La carte de membre vous permet d\u2019assister aux activit\u00e9s de l\u2019Association [&hellip;]<\/p>\n","protected":false},"author":2,"featured_media":0,"parent":0,"menu_order":0,"comment_status":"closed","ping_status":"closed","template":"elementor_header_footer","meta":{"pmpro_default_level":"","inline_featured_image":false,"footnotes":""},"class_list":["post-7495","page","type-page","status-publish","hentry","pmpro-has-access"],"_links":{"self":[{"href":"https:\/\/asgrq.ca\/en\/wp-json\/wp\/v2\/pages\/7495","targetHints":{"allow":["GET"]}}],"collection":[{"href":"https:\/\/asgrq.ca\/en\/wp-json\/wp\/v2\/pages"}],"about":[{"href":"https:\/\/asgrq.ca\/en\/wp-json\/wp\/v2\/types\/page"}],"author":[{"embeddable":true,"href":"https:\/\/asgrq.ca\/en\/wp-json\/wp\/v2\/users\/2"}],"replies":[{"embeddable":true,"href":"https:\/\/asgrq.ca\/en\/wp-json\/wp\/v2\/comments?post=7495"}],"version-history":[{"count":385,"href":"https:\/\/asgrq.ca\/en\/wp-json\/wp\/v2\/pages\/7495\/revisions"}],"predecessor-version":[{"id":20362,"href":"https:\/\/asgrq.ca\/en\/wp-json\/wp\/v2\/pages\/7495\/revisions\/20362"}],"wp:attachment":[{"href":"https:\/\/asgrq.ca\/en\/wp-json\/wp\/v2\/media?parent=7495"}],"curies":[{"name":"wp","href":"https:\/\/api.w.org\/{rel}","templated":true}]}}