{"id":21109,"date":"2026-05-07T13:10:38","date_gmt":"2026-05-07T17:10:38","guid":{"rendered":"https:\/\/asgrq.ca\/?page_id=21109"},"modified":"2026-05-07T13:11:54","modified_gmt":"2026-05-07T17:11:54","slug":"inscription-fermee","status":"publish","type":"page","link":"https:\/\/asgrq.ca\/en\/inscription-fermee\/","title":{"rendered":"Inscription ferm\u00e9e"},"content":{"rendered":"<div data-elementor-type=\"wp-page\" data-elementor-id=\"21109\" class=\"elementor elementor-21109\">\n\t\t\t\t<div class=\"elementor-element elementor-element-416cfd3 e-con-full e-flex e-con e-parent\" data-id=\"416cfd3\" data-element_type=\"container\" data-e-type=\"container\">\n\t\t\t\t<div class=\"elementor-element elementor-element-d126a5e elementor-widget elementor-widget-text-editor\" data-id=\"d126a5e\" data-element_type=\"widget\" data-e-type=\"widget\" data-widget_type=\"text-editor.default\">\n\t\t\t\t<div class=\"elementor-widget-container\">\n\t\t\t\t\t\t\t\t\t<p>Les inscriptions pour l&rsquo;ann\u00e9e 2026 sont maintenant termin\u00e9es. Un grand merci pour votre int\u00e9r\u00eat! On se retrouve en janvier 2027 pour l&rsquo;ouverture de la prochaine p\u00e9riode d&rsquo;inscription. \u00c0 bient\u00f4t ! \u00bb<\/p>\t\t\t\t\t\t\t\t<\/div>\n\t\t\t\t<\/div>\n\t\t\t\t<\/div>\n\t\t\t\t<\/div>","protected":false},"excerpt":{"rendered":"<p>Les inscriptions pour l&rsquo;ann\u00e9e 2026 sont maintenant termin\u00e9es. Un grand merci pour votre int\u00e9r\u00eat! On se retrouve en janvier 2027 pour l&rsquo;ouverture de la prochaine p\u00e9riode d&rsquo;inscription. \u00c0 bient\u00f4t ! \u00bb<\/p>","protected":false},"author":69,"featured_media":0,"parent":0,"menu_order":0,"comment_status":"closed","ping_status":"closed","template":"","meta":{"pmpro_default_level":"","inline_featured_image":false,"footnotes":""},"class_list":["post-21109","page","type-page","status-publish","hentry","pmpro-has-access"],"_links":{"self":[{"href":"https:\/\/asgrq.ca\/en\/wp-json\/wp\/v2\/pages\/21109","targetHints":{"allow":["GET"]}}],"collection":[{"href":"https:\/\/asgrq.ca\/en\/wp-json\/wp\/v2\/pages"}],"about":[{"href":"https:\/\/asgrq.ca\/en\/wp-json\/wp\/v2\/types\/page"}],"author":[{"embeddable":true,"href":"https:\/\/asgrq.ca\/en\/wp-json\/wp\/v2\/users\/69"}],"replies":[{"embeddable":true,"href":"https:\/\/asgrq.ca\/en\/wp-json\/wp\/v2\/comments?post=21109"}],"version-history":[{"count":18,"href":"https:\/\/asgrq.ca\/en\/wp-json\/wp\/v2\/pages\/21109\/revisions"}],"predecessor-version":[{"id":21127,"href":"https:\/\/asgrq.ca\/en\/wp-json\/wp\/v2\/pages\/21109\/revisions\/21127"}],"wp:attachment":[{"href":"https:\/\/asgrq.ca\/en\/wp-json\/wp\/v2\/media?parent=21109"}],"curies":[{"name":"wp","href":"https:\/\/api.w.org\/{rel}","templated":true}]}}