{"id":21073,"date":"2026-05-07T10:26:04","date_gmt":"2026-05-07T14:26:04","guid":{"rendered":"https:\/\/asgrq.ca\/?page_id=21073"},"modified":"2026-05-07T11:16:42","modified_gmt":"2026-05-07T15:16:42","slug":"clinique-sur-lajustement-des-armes-de-chasse-2","status":"publish","type":"page","link":"https:\/\/asgrq.ca\/en\/clinique-sur-lajustement-des-armes-de-chasse-2\/","title":{"rendered":"Clinique sur la r\u00e8glementation de la chasse aux oiseaux migrateurs"},"content":{"rendered":"<div data-elementor-type=\"wp-page\" data-elementor-id=\"21073\" class=\"elementor elementor-21073\">\n\t\t\t\t<div class=\"elementor-element elementor-element-376c97a e-flex e-con-boxed e-con e-parent\" data-id=\"376c97a\" data-element_type=\"container\" data-e-type=\"container\">\n\t\t\t\t\t<div class=\"e-con-inner\">\n\t\t\t\t<div class=\"elementor-element elementor-element-0f5cabb elementor-widget elementor-widget-heading\" data-id=\"0f5cabb\" data-element_type=\"widget\" data-e-type=\"widget\" data-widget_type=\"heading.default\">\n\t\t\t\t<div class=\"elementor-widget-container\">\n\t\t\t\t\t<h2 class=\"elementor-heading-title elementor-size-default\">Clinique sur la r\u00e8glementation de la chasse aux oiseaux migrateurs<\/h2>\t\t\t\t<\/div>\n\t\t\t\t<\/div>\n\t\t\t\t\t<\/div>\n\t\t\t\t<\/div>\n\t\t<div class=\"elementor-element elementor-element-416cfd3 e-flex e-con-boxed e-con e-parent\" data-id=\"416cfd3\" data-element_type=\"container\" data-e-type=\"container\">\n\t\t\t\t\t<div class=\"e-con-inner\">\n\t\t\t\t<div class=\"elementor-element elementor-element-d126a5e elementor-widget elementor-widget-text-editor\" data-id=\"d126a5e\" data-element_type=\"widget\" data-e-type=\"widget\" data-widget_type=\"text-editor.default\">\n\t\t\t\t<div class=\"elementor-widget-container\">\n\t\t\t\t\t\t\t\t\t<p>Lors de la seconde clinique de la saison, nous avons accueilli M. Antoine Badeaux, agent de la faune f\u00e9d\u00e9ral, \u00e0 l\u2019emploi de la Direction g\u00e9n\u00e9rale de l\u2019application de la loi sur la faune, Environnement et Changement climatique Canada. Cette clinique s\u2019est tenue dans les locaux de la F\u00e9d\u00e9ration qu\u00e9b\u00e9coise des chasseurs et p\u00eacheurs (FedeCP) \u00e0 Saint-Augustin-de-Desmaures, le 8 avril dernier. 23 membres y ont assist\u00e9.<\/p><p>L\u2019agent Badeaux, nous a pr\u00e9sent\u00e9 le travail des agents de la faune f\u00e9d\u00e9raux bas\u00e9 sur l\u2019applications des lois suivantes : Loi sur la convention concernant les oiseaux migrateurs, la Loi sur les esp\u00e8ces en p\u00e9ril, la loi sur les esp\u00e8ces sauvages du Canada ainsi que la Loi sur la protection et la r\u00e9glementation du commerce international et interprovincial des animaux et des plantes sauvages. En ce qui nous concerne en tant que sauvaginiers, il a surtout insist\u00e9 sur la loi et la r\u00e8glementation sur la chasse aux oiseaux migrateurs.<\/p><p>La rencontre a aussi permis aux membres pr\u00e9sents d\u2019obtenir r\u00e9ponses \u00e0 de tr\u00e8s nombreuses questions relatives \u00e0 l\u2019application de la loi sur le terrain ainsi que sur les principales infractions observ\u00e9es par les agents f\u00e9d\u00e9raux.<\/p><p>L\u2019agent de la faune f\u00e9d\u00e9ral dispose de larges pouvoirs et le chasseur contr\u00f4l\u00e9 a l\u2019obligation de coop\u00e9rer en pr\u00e9sentant son arme, ses munirions, son permis, le contenu de son sac, sa cache, etc.<\/p><p>Mentionnons qu\u2019au Qu\u00e9bec, il y a seulement une dizaine d\u2019agents f\u00e9d\u00e9raux d\u2019application de la loi. Ceux-ci sont cependant support\u00e9s par les agents de conservation de la faune du Qu\u00e9bec dans l\u2019application de la r\u00e8glementation sur la chasse aux oiseaux migrateurs.<\/p><p>Pour en savoir davantage sur la r\u00e8glementation, vous pouvez consulter les documents ci-dessous ou communiquer avec la Direction g\u00e9n\u00e9rale de l\u2019application de la loi sur la faune au num\u00e9ro suivant : 418-956-8964.<\/p><p><strong>Loi de 1994 sur la convention concernant les oiseaux migrateurs\u00a0<\/strong><\/p><p><br \/><a href=\"https:\/\/asgrq.us20.list-manage.com\/track\/click?u=0390a7a9f444231d28e04c112&amp;id=50f2c35ced&amp;e=5812b2a37c\">https:\/\/laws-lois.justice.gc.ca\/PDF\/M-7.01.pdf<\/a><br \/>\u00a0<\/p><p><strong>Nouveau R\u00e8glement sur les oiseaux migrateurs (2022)<\/strong><\/p><p><a href=\"https:\/\/asgrq.us20.list-manage.com\/track\/click?u=0390a7a9f444231d28e04c112&amp;id=11dcb4c24a&amp;e=5812b2a37c\">https:\/\/www.canada.ca\/fr\/environnement-changement-climatique\/services\/chasse-oiseaux-migrateurs-gibier\/point-modernisation-reglement.html<\/a><br \/>\u00a0<\/p><p><strong>Abr\u00e9g\u00e9 de la r\u00e9glementation sur la chasse aux oiseaux migrateurs :<\/strong>\u00a0Qu\u00e9bec, ao\u00fbt 2025 \u00e0 juillet 2026<\/p><p>\u00a0<a href=\"https:\/\/asgrq.us20.list-manage.com\/track\/click?u=0390a7a9f444231d28e04c112&amp;id=56f058cd07&amp;e=5812b2a37c\">https:\/\/www.canada.ca\/fr\/environnement-changement-climatique\/services\/chasse-oiseaux-migrateurs-gibier\/reglementation-resumes-provinciaux-territoriaux\/quebec.html<\/a><\/p>\t\t\t\t\t\t\t\t<\/div>\n\t\t\t\t<\/div>\n\t\t\t\t\t<\/div>\n\t\t\t\t<\/div>\n\t\t<div class=\"elementor-element elementor-element-b41392b e-flex e-con-boxed e-con e-parent\" data-id=\"b41392b\" data-element_type=\"container\" data-e-type=\"container\">\n\t\t\t\t\t<div class=\"e-con-inner\">\n\t\t\t\t<div class=\"elementor-element elementor-element-59eb1cf elementor-widget elementor-widget-image\" data-id=\"59eb1cf\" data-element_type=\"widget\" data-e-type=\"widget\" data-widget_type=\"image.default\">\n\t\t\t\t<div class=\"elementor-widget-container\">\n\t\t\t\t\t\t\t\t\t\t\t\t\t\t\t<img fetchpriority=\"high\" decoding=\"async\" width=\"768\" height=\"1024\" src=\"https:\/\/asgrq.ca\/wp-content\/uploads\/2026\/05\/agentdelafaune-768x1024.jpg\" class=\"attachment-large size-large wp-image-21080\" alt=\"\" srcset=\"https:\/\/asgrq.ca\/wp-content\/uploads\/2026\/05\/agentdelafaune-768x1024.jpg 768w, https:\/\/asgrq.ca\/wp-content\/uploads\/2026\/05\/agentdelafaune-225x300.jpg 225w, https:\/\/asgrq.ca\/wp-content\/uploads\/2026\/05\/agentdelafaune-1152x1536.jpg 1152w, https:\/\/asgrq.ca\/wp-content\/uploads\/2026\/05\/agentdelafaune-1536x2048.jpg 1536w, https:\/\/asgrq.ca\/wp-content\/uploads\/2026\/05\/agentdelafaune-9x12.jpg 9w, https:\/\/asgrq.ca\/wp-content\/uploads\/2026\/05\/agentdelafaune.jpg 1920w\" sizes=\"(max-width: 768px) 100vw, 768px\" \/>\t\t\t\t\t\t\t\t\t\t\t\t\t\t\t<\/div>\n\t\t\t\t<\/div>\n\t\t\t\t\t<\/div>\n\t\t\t\t<\/div>\n\t\t\t\t<\/div>","protected":false},"excerpt":{"rendered":"<p>Clinique sur la r\u00e8glementation de la chasse aux oiseaux migrateurs Lors de la seconde clinique de la saison, nous avons accueilli M. Antoine Badeaux, agent de la faune f\u00e9d\u00e9ral, \u00e0 l\u2019emploi de la Direction g\u00e9n\u00e9rale de l\u2019application de la loi sur la faune, Environnement et Changement climatique Canada. Cette clinique s\u2019est tenue dans les locaux [&hellip;]<\/p>\n","protected":false},"author":69,"featured_media":0,"parent":0,"menu_order":0,"comment_status":"closed","ping_status":"closed","template":"","meta":{"pmpro_default_level":"","inline_featured_image":false,"footnotes":""},"class_list":["post-21073","page","type-page","status-publish","hentry","pmpro-has-access"],"_links":{"self":[{"href":"https:\/\/asgrq.ca\/en\/wp-json\/wp\/v2\/pages\/21073","targetHints":{"allow":["GET"]}}],"collection":[{"href":"https:\/\/asgrq.ca\/en\/wp-json\/wp\/v2\/pages"}],"about":[{"href":"https:\/\/asgrq.ca\/en\/wp-json\/wp\/v2\/types\/page"}],"author":[{"embeddable":true,"href":"https:\/\/asgrq.ca\/en\/wp-json\/wp\/v2\/users\/69"}],"replies":[{"embeddable":true,"href":"https:\/\/asgrq.ca\/en\/wp-json\/wp\/v2\/comments?post=21073"}],"version-history":[{"count":18,"href":"https:\/\/asgrq.ca\/en\/wp-json\/wp\/v2\/pages\/21073\/revisions"}],"predecessor-version":[{"id":21094,"href":"https:\/\/asgrq.ca\/en\/wp-json\/wp\/v2\/pages\/21073\/revisions\/21094"}],"wp:attachment":[{"href":"https:\/\/asgrq.ca\/en\/wp-json\/wp\/v2\/media?parent=21073"}],"curies":[{"name":"wp","href":"https:\/\/api.w.org\/{rel}","templated":true}]}}