{"id":20967,"date":"2026-03-09T08:17:37","date_gmt":"2026-03-09T12:17:37","guid":{"rendered":"https:\/\/asgrq.ca\/?page_id=20967"},"modified":"2026-03-09T08:18:13","modified_gmt":"2026-03-09T12:18:13","slug":"clinique-sur-lajustement-des-armes-de-chasse","status":"publish","type":"page","link":"https:\/\/asgrq.ca\/en\/clinique-sur-lajustement-des-armes-de-chasse\/","title":{"rendered":"Clinique sur l\u2019ajustement des armes de chasse"},"content":{"rendered":"<div data-elementor-type=\"wp-page\" data-elementor-id=\"20967\" class=\"elementor elementor-20967\">\n\t\t\t\t<div class=\"elementor-element elementor-element-376c97a e-flex e-con-boxed e-con e-parent\" data-id=\"376c97a\" data-element_type=\"container\" data-e-type=\"container\">\n\t\t\t\t\t<div class=\"e-con-inner\">\n\t\t\t\t<div class=\"elementor-element elementor-element-0f5cabb elementor-widget elementor-widget-heading\" data-id=\"0f5cabb\" data-element_type=\"widget\" data-e-type=\"widget\" data-widget_type=\"heading.default\">\n\t\t\t\t<div class=\"elementor-widget-container\">\n\t\t\t\t\t<h2 class=\"elementor-heading-title elementor-size-default\">Clinique sur l\u2019ajustement des armes de chasse<\/h2>\t\t\t\t<\/div>\n\t\t\t\t<\/div>\n\t\t\t\t\t<\/div>\n\t\t\t\t<\/div>\n\t\t<div class=\"elementor-element elementor-element-416cfd3 e-flex e-con-boxed e-con e-parent\" data-id=\"416cfd3\" data-element_type=\"container\" data-e-type=\"container\">\n\t\t\t\t\t<div class=\"e-con-inner\">\n\t\t\t\t<div class=\"elementor-element elementor-element-d126a5e elementor-widget elementor-widget-text-editor\" data-id=\"d126a5e\" data-element_type=\"widget\" data-e-type=\"widget\" data-widget_type=\"text-editor.default\">\n\t\t\t\t<div class=\"elementor-widget-container\">\n\t\t\t\t\t\t\t\t\t<p><strong>C\u2019est sous le th\u00e8me de l\u2019ajustement des armes de chasse que se tenait la premi\u00e8re activit\u00e9 de la saison 2026 de l\u2019Association des sauvaginiers de la grande r\u00e9gion de Qu\u00e9bec (ASGRQ) le 11 f\u00e9vrier dernier. Cet atelier, tenu dans les locaux de la F\u00e9d\u00e9ration qu\u00e9b\u00e9coise des chasseurs et p\u00eacheurs (FedeCP) \u00e0 Saint-Augustin-de-Desmaures (Qu\u00e9bec) \u00e9tait anim\u00e9 par Steeve Lemay. Une vingtaine de membre de l\u2019association y ont assist\u00e9 avec grand int\u00e9r\u00eat. L\u2019atelier a port\u00e9 sur plusieurs aspects de l\u2019ajustement des armes \u00e0 feu.<\/strong><\/p><p><strong>La pr\u00e9paration initiale ainsi que les conditions pr\u00e9alables ne sont pas \u00e0 n\u00e9gliger. Il y a d\u2019abord lieu de disposer de l\u2019\u00e9quipement appropri\u00e9 tel que lunettes et protecteurs d\u2019oreilles, munitions r\u00e9centes et homog\u00e8nes. S\u2019assurer de la bonne installation du t\u00e9lescope et de la mise \u00e0 niveau du r\u00e9ticule et de la mise au point de l\u2019objectif. Il est aussi recommand\u00e9 de proc\u00e9der au tir d\u2019ajustement dans des conditions m\u00e9t\u00e9orologiques s\u2019apparentant aux conditions de chasse anticip\u00e9es.<\/strong><\/p><p><strong>On doit veiller \u00e0 ce que le positionnement du t\u00e9lescope soit \u00e0 environ 3 pouces de distance de l\u2019\u0153il. Avant le r\u00e9glage, il y a lieu de proc\u00e9der \u00e0 un tir de chauffage du canon. Il importe de s\u2019assurer que l\u2019arme soit bien stabilis\u00e9e d\u2019un tir \u00e0 l\u2019autre en utilisant un tapis anti-d\u00e9rapant, un sac de sable, un porte-arme ou un tr\u00e9pied.<\/strong><\/p><p><strong>Lors des premiers essais de tir de r\u00e9glage, on ajuste le grossissement du t\u00e9lescope en fonction des distances requises pour vos ajustements \u00e0 savoir 2 X \u00e0 25 m, 4 X \u00e0 50 m, 8 X \u00e0 100 m. On effectue 3 tirs \u00e0 la distance pr\u00e9d\u00e9termin\u00e9e.<\/strong><\/p><p><strong>Pour faciliter l&rsquo;ajustement, on peut se procurer des cibles en carreau MOA (minute of angle)<\/strong><\/p><p><strong>pr\u00e9sentant une grille de r\u00e9glage pr\u00e9cise de 1 MOA \u00e0 100 verges, soit 1.047 po ce qui correspond \u00e0 4 clics de \u00bc po chacun, c\u2019est-\u00e0-dire 1 po \u00e0 100 verges.<\/strong><\/p><p><strong>Ces m\u00eames mod\u00e8les de cible peuvent \u00eatre utilis\u00e9es pour les ajustements en milliradiant. Ainsi 3 clics mrad de 0.36 po correspondent \u00e0 1.08 po \u00e0 100 verges ou 2.5 clics mrad donnent 2.5 cm \u00e0 100 m\u00e8tres. Cependant les cibles en configuration mrad sont peu disponibles sur le march\u00e9 nord-am\u00e9ricain.<\/strong><\/p><p><strong>Il est aussi recommand\u00e9 de consulter les tables de balistique des munitions utilis\u00e9es pour en connaitre les propri\u00e9t\u00e9s. Cette information se retrouve au dos des bo\u00eetes de munition ou sur le site internet du fabricant.<\/strong><\/p><p><strong>Ce fut un atelier tr\u00e8s dense en mati\u00e8re, tr\u00e8s instructif et tr\u00e8s appr\u00e9ci\u00e9 des participants.<\/strong><\/p><p><strong>Un merci sp\u00e9cial \u00e0 Steeve Lemay ainsi qu\u2019\u00e0 Louise, sa conjointe, pour nous avoir fait partager cette expertise.<\/strong><\/p><p><strong>\u00a0<\/strong><\/p><p><strong>\u00a0<\/strong><\/p>\t\t\t\t\t\t\t\t<\/div>\n\t\t\t\t<\/div>\n\t\t\t\t\t<\/div>\n\t\t\t\t<\/div>\n\t\t<div class=\"elementor-element elementor-element-3b448a8 e-grid e-con-boxed e-con e-parent\" data-id=\"3b448a8\" data-element_type=\"container\" data-e-type=\"container\">\n\t\t\t\t\t<div class=\"e-con-inner\">\n\t\t\t\t<div class=\"elementor-element elementor-element-8fa0370 elementor-widget elementor-widget-image\" data-id=\"8fa0370\" data-element_type=\"widget\" data-e-type=\"widget\" data-widget_type=\"image.default\">\n\t\t\t\t<div class=\"elementor-widget-container\">\n\t\t\t\t\t\t\t\t\t\t\t\t\t\t\t<img fetchpriority=\"high\" decoding=\"async\" width=\"980\" height=\"735\" src=\"https:\/\/asgrq.ca\/wp-content\/uploads\/2026\/03\/atelier_armes_de_chasse_01-1024x768.jpg\" class=\"attachment-large size-large wp-image-20979\" alt=\"\" srcset=\"https:\/\/asgrq.ca\/wp-content\/uploads\/2026\/03\/atelier_armes_de_chasse_01-1024x768.jpg 1024w, https:\/\/asgrq.ca\/wp-content\/uploads\/2026\/03\/atelier_armes_de_chasse_01-300x225.jpg 300w, https:\/\/asgrq.ca\/wp-content\/uploads\/2026\/03\/atelier_armes_de_chasse_01-768x576.jpg 768w, https:\/\/asgrq.ca\/wp-content\/uploads\/2026\/03\/atelier_armes_de_chasse_01-1536x1152.jpg 1536w, https:\/\/asgrq.ca\/wp-content\/uploads\/2026\/03\/atelier_armes_de_chasse_01-2048x1536.jpg 2048w, https:\/\/asgrq.ca\/wp-content\/uploads\/2026\/03\/atelier_armes_de_chasse_01-16x12.jpg 16w\" sizes=\"(max-width: 980px) 100vw, 980px\" \/>\t\t\t\t\t\t\t\t\t\t\t\t\t\t\t<\/div>\n\t\t\t\t<\/div>\n\t\t\t\t<div class=\"elementor-element elementor-element-edab267 elementor-widget elementor-widget-image\" data-id=\"edab267\" data-element_type=\"widget\" data-e-type=\"widget\" data-widget_type=\"image.default\">\n\t\t\t\t<div class=\"elementor-widget-container\">\n\t\t\t\t\t\t\t\t\t\t\t\t\t\t\t<img decoding=\"async\" width=\"980\" height=\"735\" src=\"https:\/\/asgrq.ca\/wp-content\/uploads\/2026\/03\/atelier_armes_de_chasse_02-1024x768.jpg\" class=\"attachment-large size-large wp-image-20978\" alt=\"\" srcset=\"https:\/\/asgrq.ca\/wp-content\/uploads\/2026\/03\/atelier_armes_de_chasse_02-1024x768.jpg 1024w, https:\/\/asgrq.ca\/wp-content\/uploads\/2026\/03\/atelier_armes_de_chasse_02-300x225.jpg 300w, https:\/\/asgrq.ca\/wp-content\/uploads\/2026\/03\/atelier_armes_de_chasse_02-768x576.jpg 768w, https:\/\/asgrq.ca\/wp-content\/uploads\/2026\/03\/atelier_armes_de_chasse_02-1536x1152.jpg 1536w, https:\/\/asgrq.ca\/wp-content\/uploads\/2026\/03\/atelier_armes_de_chasse_02-2048x1536.jpg 2048w, https:\/\/asgrq.ca\/wp-content\/uploads\/2026\/03\/atelier_armes_de_chasse_02-16x12.jpg 16w\" sizes=\"(max-width: 980px) 100vw, 980px\" \/>\t\t\t\t\t\t\t\t\t\t\t\t\t\t\t<\/div>\n\t\t\t\t<\/div>\n\t\t\t\t\t<\/div>\n\t\t\t\t<\/div>\n\t\t\t\t<\/div>","protected":false},"excerpt":{"rendered":"<p>Clinique sur l\u2019ajustement des armes de chasse C\u2019est sous le th\u00e8me de l\u2019ajustement des armes de chasse que se tenait la premi\u00e8re activit\u00e9 de la saison 2026 de l\u2019Association des sauvaginiers de la grande r\u00e9gion de Qu\u00e9bec (ASGRQ) le 11 f\u00e9vrier dernier. Cet atelier, tenu dans les locaux de la F\u00e9d\u00e9ration qu\u00e9b\u00e9coise des chasseurs et [&hellip;]<\/p>\n","protected":false},"author":69,"featured_media":0,"parent":0,"menu_order":0,"comment_status":"closed","ping_status":"closed","template":"","meta":{"pmpro_default_level":"","inline_featured_image":false,"footnotes":""},"class_list":["post-20967","page","type-page","status-publish","hentry","pmpro-has-access"],"_links":{"self":[{"href":"https:\/\/asgrq.ca\/en\/wp-json\/wp\/v2\/pages\/20967","targetHints":{"allow":["GET"]}}],"collection":[{"href":"https:\/\/asgrq.ca\/en\/wp-json\/wp\/v2\/pages"}],"about":[{"href":"https:\/\/asgrq.ca\/en\/wp-json\/wp\/v2\/types\/page"}],"author":[{"embeddable":true,"href":"https:\/\/asgrq.ca\/en\/wp-json\/wp\/v2\/users\/69"}],"replies":[{"embeddable":true,"href":"https:\/\/asgrq.ca\/en\/wp-json\/wp\/v2\/comments?post=20967"}],"version-history":[{"count":19,"href":"https:\/\/asgrq.ca\/en\/wp-json\/wp\/v2\/pages\/20967\/revisions"}],"predecessor-version":[{"id":20991,"href":"https:\/\/asgrq.ca\/en\/wp-json\/wp\/v2\/pages\/20967\/revisions\/20991"}],"wp:attachment":[{"href":"https:\/\/asgrq.ca\/en\/wp-json\/wp\/v2\/media?parent=20967"}],"curies":[{"name":"wp","href":"https:\/\/api.w.org\/{rel}","templated":true}]}}