{"id":17240,"date":"2024-06-04T14:52:05","date_gmt":"2024-06-04T14:52:05","guid":{"rendered":"https:\/\/dev.asgrq.ca\/?page_id=17240"},"modified":"2024-06-18T15:00:53","modified_gmt":"2024-06-18T15:00:53","slug":"certificat-du-chasseur-2","status":"publish","type":"page","link":"https:\/\/asgrq.ca\/en\/certificat-du-chasseur-2\/","title":{"rendered":"Certification du chasseur"},"content":{"rendered":"<div data-elementor-type=\"wp-page\" data-elementor-id=\"17240\" class=\"elementor elementor-17240\">\n\t\t\t\t\t\t<div class=\"elementor-section elementor-top-section elementor-element elementor-element-4a9ce0b elementor-section-full_width elementor-section-stretched elementor-section-height-default elementor-section-height-default\" data-id=\"4a9ce0b\" data-element_type=\"section\" data-e-type=\"section\" data-settings=\"{&quot;stretch_section&quot;:&quot;section-stretched&quot;,&quot;background_background&quot;:&quot;classic&quot;}\">\n\t\t\t\t\t\t\t<div class=\"elementor-background-overlay\"><\/div>\n\t\t\t\t\t\t\t<div class=\"elementor-container elementor-column-gap-no\">\n\t\t\t\t\t<div class=\"elementor-column elementor-col-100 elementor-top-column elementor-element elementor-element-3ce30b9\" data-id=\"3ce30b9\" data-element_type=\"column\" data-e-type=\"column\">\n\t\t\t<div class=\"elementor-widget-wrap elementor-element-populated\">\n\t\t\t\t\t\t<div class=\"elementor-element elementor-element-a9ece84 elementor-widget__width-initial elementor-widget elementor-widget-wihelp_animated-headline\" data-id=\"a9ece84\" data-element_type=\"widget\" data-e-type=\"widget\" data-widget_type=\"wihelp_animated-headline.default\">\n\t\t\t\t<div class=\"elementor-widget-container\">\n\t\t\t\t\t        <h2  class=\"elementor-headline\">\n                    <span class=\"elementor-headline-plain-text elementor-headline-text-wrapper\">Certificat du chasseur<\/span>\n                <span class=\"elementor-headline-dynamic-wrapper elementor-headline-text-wrapper\">\n        \t\t<\/span>\n                    <span class=\"elementor-headline-plain-text elementor-headline-text-wrapper\">et permis de chasse<\/span>\n                <\/h2>\n        \t\t\t\t<\/div>\n\t\t\t\t<\/div>\n\t\t\t\t\t<\/div>\n\t\t<\/div>\n\t\t\t\t\t<\/div>\n\t\t<\/div>\n\t\t\t\t<div class=\"elementor-section elementor-top-section elementor-element elementor-element-45b8ffc elementor-section-boxed elementor-section-height-default elementor-section-height-default\" data-id=\"45b8ffc\" data-element_type=\"section\" data-e-type=\"section\">\n\t\t\t\t\t\t<div class=\"elementor-container elementor-column-gap-no\">\n\t\t\t\t\t<div class=\"elementor-column elementor-col-50 elementor-top-column elementor-element elementor-element-4d0a85f\" data-id=\"4d0a85f\" data-element_type=\"column\" data-e-type=\"column\">\n\t\t\t<div class=\"elementor-widget-wrap elementor-element-populated\">\n\t\t\t\t\t\t<div class=\"elementor-element elementor-element-fffaebb elementor-widget elementor-widget-image\" data-id=\"fffaebb\" data-element_type=\"widget\" data-e-type=\"widget\" data-widget_type=\"image.default\">\n\t\t\t\t<div class=\"elementor-widget-container\">\n\t\t\t\t\t\t\t\t\t\t\t\t\t\t\t<img fetchpriority=\"high\" decoding=\"async\" width=\"300\" height=\"196\" src=\"https:\/\/asgrq.ca\/wp-content\/uploads\/2024\/04\/Certificat-du-chasseur.png\" class=\"attachment-full size-full wp-image-16377\" alt=\"\" srcset=\"https:\/\/asgrq.ca\/wp-content\/uploads\/2024\/04\/Certificat-du-chasseur.png 300w, https:\/\/asgrq.ca\/wp-content\/uploads\/2024\/04\/Certificat-du-chasseur-18x12.png 18w\" sizes=\"(max-width: 300px) 100vw, 300px\" \/>\t\t\t\t\t\t\t\t\t\t\t\t\t\t\t<\/div>\n\t\t\t\t<\/div>\n\t\t\t\t\t<\/div>\n\t\t<\/div>\n\t\t\t\t<div class=\"elementor-column elementor-col-50 elementor-top-column elementor-element elementor-element-c7e379d\" data-id=\"c7e379d\" data-element_type=\"column\" data-e-type=\"column\">\n\t\t\t<div class=\"elementor-widget-wrap elementor-element-populated\">\n\t\t\t\t\t\t<div class=\"elementor-element elementor-element-7ff998c elementor-widget elementor-widget-image\" data-id=\"7ff998c\" data-element_type=\"widget\" data-e-type=\"widget\" data-widget_type=\"image.default\">\n\t\t\t\t<div class=\"elementor-widget-container\">\n\t\t\t\t\t\t\t\t\t\t\t\t\t\t\t<img decoding=\"async\" width=\"279\" height=\"180\" src=\"https:\/\/asgrq.ca\/wp-content\/uploads\/2024\/04\/permis-darme-a-feu.png\" class=\"attachment-large size-large wp-image-16376\" alt=\"\" srcset=\"https:\/\/asgrq.ca\/wp-content\/uploads\/2024\/04\/permis-darme-a-feu.png 279w, https:\/\/asgrq.ca\/wp-content\/uploads\/2024\/04\/permis-darme-a-feu-18x12.png 18w\" sizes=\"(max-width: 279px) 100vw, 279px\" \/>\t\t\t\t\t\t\t\t\t\t\t\t\t\t\t<\/div>\n\t\t\t\t<\/div>\n\t\t\t\t\t<\/div>\n\t\t<\/div>\n\t\t\t\t\t<\/div>\n\t\t<\/div>\n\t\t\t\t<div class=\"elementor-section elementor-top-section elementor-element elementor-element-8aca30e elementor-section-boxed elementor-section-height-default elementor-section-height-default\" data-id=\"8aca30e\" data-element_type=\"section\" data-e-type=\"section\">\n\t\t\t\t\t\t<div class=\"elementor-container elementor-column-gap-no\">\n\t\t\t\t\t<div class=\"elementor-column elementor-col-100 elementor-top-column elementor-element elementor-element-7c3eb91\" data-id=\"7c3eb91\" data-element_type=\"column\" data-e-type=\"column\">\n\t\t\t<div class=\"elementor-widget-wrap elementor-element-populated\">\n\t\t\t\t\t\t<div class=\"elementor-element elementor-element-297437b elementor-widget elementor-widget-text-editor\" data-id=\"297437b\" data-element_type=\"widget\" data-e-type=\"widget\" data-widget_type=\"text-editor.default\">\n\t\t\t\t<div class=\"elementor-widget-container\">\n\t\t\t\t\t\t\t\t\t<p>Pour pratiquer la chasse aux oiseaux migrateurs au Qu\u00e9bec, divers pr\u00e9requis sont n\u00e9cessaires\u00a0:<\/p><p>\u00catre d\u00e9tenteur du certificat du chasseur avec arme \u00e0 feu\u00a0: deux formations sont requises<\/p><ul><li>Initiation \u00e0 la chasse avec arme \u00e0 feu (ICAF)<\/li><li>Cours canadien de s\u00e9curit\u00e9 dans le maniement des armes \u00e0 feu (CCSMAF) : cette formation permet de faire la demande d\u2019un permis de possession et d\u2019acquisition d\u2019armes \u00e0 feu (PPA).<\/li><\/ul><p>Se procurer les permis de chasse suivants\u00a0:<\/p><ul><li>Permis provincial de chasse au petit gibier<\/li><li>Permis f\u00e9d\u00e9ral de chasse aux oiseaux migrateurs consid\u00e9r\u00e9 comme gibier.<\/li><\/ul><p>Pour prendre connaissance des modalit\u00e9s d\u2019obtention des permis, consultez les adresses suivantes\u00a0:<\/p><ul><li>Le site de la F\u00e9D\u00e9CP : <a href=\"https:\/\/fedecp.com\/trouveruneformation\/que-desirez-vous-faire\/chasser-a-l-arme-a-feu\/\" data-wplink-edit=\"true\">https:\/\/fedecp.com\/trouveruneformation\/que-desirez-vous-faire\/chasser-a-l-arme-a-feu\/<\/a><\/li><li>Le site du gouvernement du Qu\u00e9bec : <a href=\"https:\/\/www.quebec.ca\/tourisme-et-loisirs\/activites-sportives-et-de-plein-air\/chasse-sportive\/permis-certificat\/certificat-chasseur\">https:\/\/www.quebec.ca\/tourisme-et-loisirs\/activites-sportives-et-de-plein-air\/chasse-sportive\/permis-certificat\/certificat-chasseur<\/a><\/li><\/ul>\t\t\t\t\t\t\t\t<\/div>\n\t\t\t\t<\/div>\n\t\t\t\t\t<\/div>\n\t\t<\/div>\n\t\t\t\t\t<\/div>\n\t\t<\/div>\n\t\t\t\t<div class=\"elementor-section elementor-top-section elementor-element elementor-element-c628604 elementor-section-boxed elementor-section-height-default elementor-section-height-default\" data-id=\"c628604\" data-element_type=\"section\" data-e-type=\"section\">\n\t\t\t\t\t\t<div class=\"elementor-container elementor-column-gap-no\">\n\t\t\t\t\t<div class=\"elementor-column elementor-col-50 elementor-top-column elementor-element elementor-element-61523dc\" data-id=\"61523dc\" data-element_type=\"column\" data-e-type=\"column\">\n\t\t\t<div class=\"elementor-widget-wrap elementor-element-populated\">\n\t\t\t\t\t\t<div class=\"elementor-element elementor-element-aba0604 elementor-align-center elementor-widget elementor-widget-button\" data-id=\"aba0604\" data-element_type=\"widget\" data-e-type=\"widget\" data-widget_type=\"button.default\">\n\t\t\t\t<div class=\"elementor-widget-container\">\n\t\t\t\t\t\t\t\t\t<div class=\"elementor-button-wrapper\">\n\t\t\t\t\t<a class=\"elementor-button elementor-button-link elementor-size-sm elementor-animation-grow\" href=\"https:\/\/fedecp.com\/trouveruneformation\/que-desirez-vous-faire\/chasser-a-l-arme-a-feu\/\" target=\"_blank\">\n\t\t\t\t\t\t<span class=\"elementor-button-content-wrapper\">\n\t\t\t\t\t\t\t\t\t<span class=\"elementor-button-text\">Visiter le site de la F\u00e9D\u00e9CP<\/span>\n\t\t\t\t\t<\/span>\n\t\t\t\t\t<\/a>\n\t\t\t\t<\/div>\n\t\t\t\t\t\t\t\t<\/div>\n\t\t\t\t<\/div>\n\t\t\t\t\t<\/div>\n\t\t<\/div>\n\t\t\t\t<div class=\"elementor-column elementor-col-50 elementor-top-column elementor-element elementor-element-de51fb9\" data-id=\"de51fb9\" data-element_type=\"column\" data-e-type=\"column\">\n\t\t\t<div class=\"elementor-widget-wrap elementor-element-populated\">\n\t\t\t\t\t\t<div class=\"elementor-element elementor-element-3f7f034 elementor-align-center elementor-widget elementor-widget-button\" data-id=\"3f7f034\" data-element_type=\"widget\" data-e-type=\"widget\" data-widget_type=\"button.default\">\n\t\t\t\t<div class=\"elementor-widget-container\">\n\t\t\t\t\t\t\t\t\t<div class=\"elementor-button-wrapper\">\n\t\t\t\t\t<a class=\"elementor-button elementor-button-link elementor-size-sm elementor-animation-grow\" href=\"https:\/\/www.quebec.ca\/tourisme-et-loisirs\/activites-sportives-et-de-plein-air\/chasse-sportive\/permis-certificat\/certificat-chasseur\" target=\"_blank\">\n\t\t\t\t\t\t<span class=\"elementor-button-content-wrapper\">\n\t\t\t\t\t\t\t\t\t<span class=\"elementor-button-text\">Visiter le site du gouvernement du Qu\u00e9bec<\/span>\n\t\t\t\t\t<\/span>\n\t\t\t\t\t<\/a>\n\t\t\t\t<\/div>\n\t\t\t\t\t\t\t\t<\/div>\n\t\t\t\t<\/div>\n\t\t\t\t\t<\/div>\n\t\t<\/div>\n\t\t\t\t\t<\/div>\n\t\t<\/div>\n\t\t\t\t<\/div>","protected":false},"excerpt":{"rendered":"<p>Certificat du chasseur et permis de chasse Pour pratiquer la chasse aux oiseaux migrateurs au Qu\u00e9bec, divers pr\u00e9requis sont n\u00e9cessaires\u00a0: \u00catre d\u00e9tenteur du certificat du chasseur avec arme \u00e0 feu\u00a0: deux formations sont requises Initiation \u00e0 la chasse avec arme \u00e0 feu (ICAF) Cours canadien de s\u00e9curit\u00e9 dans le maniement des armes \u00e0 feu (CCSMAF) [&hellip;]<\/p>\n","protected":false},"author":2,"featured_media":0,"parent":0,"menu_order":0,"comment_status":"closed","ping_status":"closed","template":"","meta":{"pmpro_default_level":"","inline_featured_image":false,"footnotes":""},"class_list":["post-17240","page","type-page","status-publish","hentry","pmpro-has-access"],"_links":{"self":[{"href":"https:\/\/asgrq.ca\/en\/wp-json\/wp\/v2\/pages\/17240","targetHints":{"allow":["GET"]}}],"collection":[{"href":"https:\/\/asgrq.ca\/en\/wp-json\/wp\/v2\/pages"}],"about":[{"href":"https:\/\/asgrq.ca\/en\/wp-json\/wp\/v2\/types\/page"}],"author":[{"embeddable":true,"href":"https:\/\/asgrq.ca\/en\/wp-json\/wp\/v2\/users\/2"}],"replies":[{"embeddable":true,"href":"https:\/\/asgrq.ca\/en\/wp-json\/wp\/v2\/comments?post=17240"}],"version-history":[{"count":92,"href":"https:\/\/asgrq.ca\/en\/wp-json\/wp\/v2\/pages\/17240\/revisions"}],"predecessor-version":[{"id":19996,"href":"https:\/\/asgrq.ca\/en\/wp-json\/wp\/v2\/pages\/17240\/revisions\/19996"}],"wp:attachment":[{"href":"https:\/\/asgrq.ca\/en\/wp-json\/wp\/v2\/media?parent=17240"}],"curies":[{"name":"wp","href":"https:\/\/api.w.org\/{rel}","templated":true}]}}