{"id":17140,"date":"2024-06-03T19:43:57","date_gmt":"2024-06-03T19:43:57","guid":{"rendered":"https:\/\/dev.asgrq.ca\/?page_id=17140"},"modified":"2025-04-05T15:56:57","modified_gmt":"2025-04-05T19:56:57","slug":"reconnaitre-la-sauvagine","status":"publish","type":"page","link":"https:\/\/asgrq.ca\/en\/reconnaitre-la-sauvagine\/","title":{"rendered":"Reconna\u00eetre la sauvagine"},"content":{"rendered":"<div data-elementor-type=\"wp-page\" data-elementor-id=\"17140\" class=\"elementor elementor-17140\">\n\t\t\t\t\t\t<div class=\"elementor-section elementor-top-section elementor-element elementor-element-1ee0d3d elementor-section-full_width elementor-section-stretched elementor-section-height-default elementor-section-height-default\" data-id=\"1ee0d3d\" data-element_type=\"section\" data-e-type=\"section\" data-settings=\"{&quot;stretch_section&quot;:&quot;section-stretched&quot;,&quot;background_background&quot;:&quot;classic&quot;}\">\n\t\t\t\t\t\t\t<div class=\"elementor-background-overlay\"><\/div>\n\t\t\t\t\t\t\t<div class=\"elementor-container elementor-column-gap-no\">\n\t\t\t\t\t<div class=\"elementor-column elementor-col-100 elementor-top-column elementor-element elementor-element-36baf38\" data-id=\"36baf38\" data-element_type=\"column\" data-e-type=\"column\">\n\t\t\t<div class=\"elementor-widget-wrap elementor-element-populated\">\n\t\t\t\t\t\t<div class=\"elementor-element elementor-element-07f974b elementor-widget__width-initial elementor-widget elementor-widget-wihelp_animated-headline\" data-id=\"07f974b\" data-element_type=\"widget\" data-e-type=\"widget\" data-widget_type=\"wihelp_animated-headline.default\">\n\t\t\t\t<div class=\"elementor-widget-container\">\n\t\t\t\t\t        <h1  class=\"elementor-headline\">\n                    <span class=\"elementor-headline-plain-text elementor-headline-text-wrapper\">Reconna\u00eetre la sauvagine<\/span>\n                <span class=\"elementor-headline-dynamic-wrapper elementor-headline-text-wrapper\">\n        \t\t<\/span>\n                <\/h1>\n        \t\t\t\t<\/div>\n\t\t\t\t<\/div>\n\t\t\t\t\t<\/div>\n\t\t<\/div>\n\t\t\t\t\t<\/div>\n\t\t<\/div>\n\t\t\t\t<div class=\"elementor-section elementor-top-section elementor-element elementor-element-a824472 elementor-section-boxed elementor-section-height-default elementor-section-height-default\" data-id=\"a824472\" data-element_type=\"section\" data-e-type=\"section\">\n\t\t\t\t\t\t<div class=\"elementor-container elementor-column-gap-no\">\n\t\t\t\t\t<div class=\"elementor-column elementor-col-50 elementor-top-column elementor-element elementor-element-3b21aee\" data-id=\"3b21aee\" data-element_type=\"column\" data-e-type=\"column\">\n\t\t\t<div class=\"elementor-widget-wrap elementor-element-populated\">\n\t\t\t\t\t\t<div class=\"elementor-element elementor-element-fbdd2c5 elementor-widget elementor-widget-text-editor\" data-id=\"fbdd2c5\" data-element_type=\"widget\" data-e-type=\"widget\" data-widget_type=\"text-editor.default\">\n\t\t\t\t<div class=\"elementor-widget-container\">\n\t\t\t\t\t\t\t\t\t<p>En tant que chasseur d\u2019oiseaux migrateurs, il est important d\u2019\u00eatre en mesure d\u2019identifier les diverses esp\u00e8ces de sauvagines afin de respecter la r\u00e8glementation, car certaines esp\u00e8ces font l\u2019objet de restriction selon la saison ou la r\u00e9gion. L\u2019affiche ci-dessous, d\u00e9velopp\u00e9e par Canards Illimit\u00e9s Canada, pr\u00e9sente le profil en vol des esp\u00e8ces d\u2019oie et de canards pr\u00e9sentes au Qu\u00e9bec.<\/p><p>Canards Illimit\u00e9s Canada a aussi publi\u00e9 un \u00ab\u2009Guide d\u2019identification de la sauvagine\u2009\u00bb en format de poche qui permet de reconnaitre les oiseaux en vol en mettant \u00e9galement l\u2019accent sur leurs diff\u00e9rents plumages tout au long de l\u2019ann\u00e9e.<\/p>\t\t\t\t\t\t\t\t<\/div>\n\t\t\t\t<\/div>\n\t\t<div class=\"elementor-element elementor-element-4f3e901 e-grid e-con-boxed e-con e-parent\" data-id=\"4f3e901\" data-element_type=\"container\" data-e-type=\"container\">\n\t\t\t\t\t<div class=\"e-con-inner\">\n\t\t\t\t<div class=\"elementor-element elementor-element-a342c6c elementor-widget elementor-widget-button\" data-id=\"a342c6c\" data-element_type=\"widget\" data-e-type=\"widget\" data-widget_type=\"button.default\">\n\t\t\t\t<div class=\"elementor-widget-container\">\n\t\t\t\t\t\t\t\t\t<div class=\"elementor-button-wrapper\">\n\t\t\t\t\t<a class=\"elementor-button elementor-button-link elementor-size-sm\" href=\"https:\/\/asgrq.ca\/wp-content\/uploads\/2024\/06\/Guide-d-identification-de-la-sauvagine.pdf\" target=\"_blank\">\n\t\t\t\t\t\t<span class=\"elementor-button-content-wrapper\">\n\t\t\t\t\t\t\t\t\t<span class=\"elementor-button-text\">consulter le guide<\/span>\n\t\t\t\t\t<\/span>\n\t\t\t\t\t<\/a>\n\t\t\t\t<\/div>\n\t\t\t\t\t\t\t\t<\/div>\n\t\t\t\t<\/div>\n\t\t\t\t<div class=\"elementor-element elementor-element-2363c66 elementor-widget elementor-widget-button\" data-id=\"2363c66\" data-element_type=\"widget\" data-e-type=\"widget\" data-widget_type=\"button.default\">\n\t\t\t\t<div class=\"elementor-widget-container\">\n\t\t\t\t\t\t\t\t\t<div class=\"elementor-button-wrapper\">\n\t\t\t\t\t<a class=\"elementor-button elementor-button-link elementor-size-sm\" href=\"https:\/\/asgrq.ca\/wp-content\/uploads\/2024\/04\/La-sauvagine-du-Canada.jpg\" target=\"_blank\">\n\t\t\t\t\t\t<span class=\"elementor-button-content-wrapper\">\n\t\t\t\t\t\t\t\t\t<span class=\"elementor-button-text\">consulter l'affiche<\/span>\n\t\t\t\t\t<\/span>\n\t\t\t\t\t<\/a>\n\t\t\t\t<\/div>\n\t\t\t\t\t\t\t\t<\/div>\n\t\t\t\t<\/div>\n\t\t\t\t\t<\/div>\n\t\t\t\t<\/div>\n\t\t\t\t\t<\/div>\n\t\t<\/div>\n\t\t\t\t<div class=\"elementor-column elementor-col-50 elementor-top-column elementor-element elementor-element-489d771\" data-id=\"489d771\" data-element_type=\"column\" data-e-type=\"column\">\n\t\t\t<div class=\"elementor-widget-wrap elementor-element-populated\">\n\t\t\t\t\t\t<div class=\"elementor-element elementor-element-02dd2c2 elementor-widget elementor-widget-image\" data-id=\"02dd2c2\" data-element_type=\"widget\" data-e-type=\"widget\" data-widget_type=\"image.default\">\n\t\t\t\t<div class=\"elementor-widget-container\">\n\t\t\t\t\t\t\t\t\t\t\t\t\t\t\t\t<a href=\"https:\/\/asgrq.ca\/wp-content\/uploads\/2024\/06\/Guide-d-identification-de-la-sauvagine.pdf\" target=\"_blank\" rel=\"nofollow\">\n\t\t\t\t\t\t\t<img fetchpriority=\"high\" decoding=\"async\" width=\"369\" height=\"610\" src=\"https:\/\/asgrq.ca\/wp-content\/uploads\/2024\/04\/Guide-didentification-de-la-sauvagine.jpg\" class=\"attachment-large size-large wp-image-16414\" alt=\"\" srcset=\"https:\/\/asgrq.ca\/wp-content\/uploads\/2024\/04\/Guide-didentification-de-la-sauvagine.jpg 369w, https:\/\/asgrq.ca\/wp-content\/uploads\/2024\/04\/Guide-didentification-de-la-sauvagine-181x300.jpg 181w, https:\/\/asgrq.ca\/wp-content\/uploads\/2024\/04\/Guide-didentification-de-la-sauvagine-7x12.jpg 7w\" sizes=\"(max-width: 369px) 100vw, 369px\" \/>\t\t\t\t\t\t\t\t<\/a>\n\t\t\t\t\t\t\t\t\t\t\t\t\t\t\t<\/div>\n\t\t\t\t<\/div>\n\t\t\t\t\t<\/div>\n\t\t<\/div>\n\t\t\t\t\t<\/div>\n\t\t<\/div>\n\t\t\t\t<\/div>","protected":false},"excerpt":{"rendered":"<p>Reconna\u00eetre la sauvagine En tant que chasseur d\u2019oiseaux migrateurs, il est important d\u2019\u00eatre en mesure d\u2019identifier les diverses esp\u00e8ces de sauvagines afin de respecter la r\u00e8glementation, car certaines esp\u00e8ces font l\u2019objet de restriction selon la saison ou la r\u00e9gion. L\u2019affiche ci-dessous, d\u00e9velopp\u00e9e par Canards Illimit\u00e9s Canada, pr\u00e9sente le profil en vol des esp\u00e8ces d\u2019oie et [&hellip;]<\/p>\n","protected":false},"author":2,"featured_media":0,"parent":0,"menu_order":0,"comment_status":"closed","ping_status":"closed","template":"elementor_header_footer","meta":{"pmpro_default_level":"","inline_featured_image":false,"footnotes":""},"class_list":["post-17140","page","type-page","status-publish","hentry","pmpro-has-access"],"_links":{"self":[{"href":"https:\/\/asgrq.ca\/en\/wp-json\/wp\/v2\/pages\/17140","targetHints":{"allow":["GET"]}}],"collection":[{"href":"https:\/\/asgrq.ca\/en\/wp-json\/wp\/v2\/pages"}],"about":[{"href":"https:\/\/asgrq.ca\/en\/wp-json\/wp\/v2\/types\/page"}],"author":[{"embeddable":true,"href":"https:\/\/asgrq.ca\/en\/wp-json\/wp\/v2\/users\/2"}],"replies":[{"embeddable":true,"href":"https:\/\/asgrq.ca\/en\/wp-json\/wp\/v2\/comments?post=17140"}],"version-history":[{"count":43,"href":"https:\/\/asgrq.ca\/en\/wp-json\/wp\/v2\/pages\/17140\/revisions"}],"predecessor-version":[{"id":20657,"href":"https:\/\/asgrq.ca\/en\/wp-json\/wp\/v2\/pages\/17140\/revisions\/20657"}],"wp:attachment":[{"href":"https:\/\/asgrq.ca\/en\/wp-json\/wp\/v2\/media?parent=17140"}],"curies":[{"name":"wp","href":"https:\/\/api.w.org\/{rel}","templated":true}]}}